{"id":2896,"date":"2024-01-12T12:45:25","date_gmt":"2024-01-12T12:45:25","guid":{"rendered":"https:\/\/tuhogaraccesible.com\/contacto\/"},"modified":"2026-04-20T09:02:38","modified_gmt":"2026-04-20T09:02:38","slug":"kontakt","status":"publish","type":"page","link":"https:\/\/tuhogaraccesible.com\/de\/kontakt\/","title":{"rendered":"Kontakt"},"content":{"rendered":"\t\t<div data-elementor-type=\"wp-page\" data-elementor-id=\"2896\" class=\"elementor elementor-2896 elementor-284\" data-elementor-post-type=\"page\">\n\t\t\t\t<div class=\"elementor-element elementor-element-f36fe49 e-con-full e-flex e-con e-parent\" data-id=\"f36fe49\" data-element_type=\"container\" data-settings=\"{&quot;jet_parallax_layout_list&quot;:[]}\">\n\t\t<div class=\"elementor-element elementor-element-7f4ed96 e-con-full e-flex e-con e-child\" data-id=\"7f4ed96\" data-element_type=\"container\" data-settings=\"{&quot;jet_parallax_layout_list&quot;:[],&quot;background_background&quot;:&quot;classic&quot;}\">\n\t\t\t\t<div class=\"elementor-element elementor-element-d9c2797 elementor-widget elementor-widget-heading\" data-id=\"d9c2797\" data-element_type=\"widget\" data-widget_type=\"heading.default\">\n\t\t\t\t<div class=\"elementor-widget-container\">\n\t\t\t\t\t<h1 class=\"elementor-heading-title elementor-size-default\">Kontakt<\/h1>\t\t\t\t<\/div>\n\t\t\t\t<\/div>\n\t\t\t\t<\/div>\n\t\t<div class=\"elementor-element elementor-element-3b45976 e-con-full e-flex e-con e-child\" data-id=\"3b45976\" data-element_type=\"container\" data-settings=\"{&quot;jet_parallax_layout_list&quot;:[]}\">\n\t\t\t\t<div class=\"elementor-element elementor-element-a0c15b7 elementor-widget elementor-widget-heading\" data-id=\"a0c15b7\" data-element_type=\"widget\" data-widget_type=\"heading.default\">\n\t\t\t\t<div class=\"elementor-widget-container\">\n\t\t\t\t\t<h2 class=\"elementor-heading-title elementor-size-default\">Informationen anfordern<\/h2>\t\t\t\t<\/div>\n\t\t\t\t<\/div>\n\t\t\t\t<div class=\"elementor-element elementor-element-cfb1078 elementor-widget elementor-widget-text-editor\" data-id=\"cfb1078\" data-element_type=\"widget\" data-widget_type=\"text-editor.default\">\n\t\t\t\t<div class=\"elementor-widget-container\">\n\t\t\t\t\t\t\t\t\tWenn Sie Fragen zu unseren Dienstleistungen oder Produkten haben, ein Angebot anfordern m\u00f6chten oder ein Anliegen kl\u00e4ren wollen, z\u00f6gern Sie nicht, unsere Kontaktformulare zu nutzen oder uns direkt per Telefon oder E-Mail zu kontaktieren.\t\t\t\t\t\t\t\t<\/div>\n\t\t\t\t<\/div>\n\t\t\t\t<div class=\"elementor-element elementor-element-646fd1b elementor-widget elementor-widget-contact-form-7\" data-id=\"646fd1b\" data-element_type=\"widget\" data-widget_type=\"contact-form-7.default\">\n\t\t\t\t<div class=\"elementor-widget-container\">\n\t\t\t\t\t<div class=\"elementor-contact-form-7 jet-elements\">\n<div class=\"wpcf7 no-js\" id=\"wpcf7-f2902-o1\" lang=\"es-ES\" dir=\"ltr\" data-wpcf7-id=\"2902\">\n<div class=\"screen-reader-response\"><p role=\"status\" aria-live=\"polite\" aria-atomic=\"true\"><\/p> <ul><\/ul><\/div>\n<form action=\"\/de\/wp-json\/wp\/v2\/pages\/2896#wpcf7-f2902-o1\" method=\"post\" class=\"wpcf7-form init\" aria-label=\"Formulario de contacto\" novalidate=\"novalidate\" data-status=\"init\">\n<fieldset class=\"hidden-fields-container\"><input type=\"hidden\" name=\"_wpcf7\" value=\"2902\" \/><input type=\"hidden\" name=\"_wpcf7_version\" value=\"6.1.4\" \/><input type=\"hidden\" name=\"_wpcf7_locale\" value=\"es_ES\" \/><input type=\"hidden\" name=\"_wpcf7_unit_tag\" value=\"wpcf7-f2902-o1\" \/><input type=\"hidden\" name=\"_wpcf7_container_post\" value=\"0\" \/><input type=\"hidden\" name=\"_wpcf7_posted_data_hash\" value=\"\" \/><input type=\"hidden\" name=\"_wpcf7_recaptcha_response\" value=\"\" \/>\n<\/fieldset>\n<p><span class=\"wpcf7-form-control-wrap\" data-name=\"your-name\"><input size=\"40\" maxlength=\"400\" class=\"wpcf7-form-control wpcf7-text wpcf7-validates-as-required\" aria-required=\"true\" aria-invalid=\"false\" placeholder=\"Name\" value=\"\" type=\"text\" name=\"your-name\" \/><\/span><br \/>\n<span class=\"wpcf7-form-control-wrap\" data-name=\"your-email\"><input size=\"40\" maxlength=\"400\" class=\"wpcf7-form-control wpcf7-email wpcf7-validates-as-required wpcf7-text wpcf7-validates-as-email\" aria-required=\"true\" aria-invalid=\"false\" placeholder=\"E-Mail\" value=\"\" type=\"email\" name=\"your-email\" \/><\/span><br \/>\n<span class=\"wpcf7-form-control-wrap\" data-name=\"your-phone\"><input size=\"40\" maxlength=\"400\" class=\"wpcf7-form-control wpcf7-tel wpcf7-validates-as-required wpcf7-text wpcf7-validates-as-tel\" aria-required=\"true\" aria-invalid=\"false\" placeholder=\"Telefon\" value=\"\" type=\"tel\" name=\"your-phone\" \/><\/span><br \/>\n<span class=\"wpcf7-form-control-wrap\" data-name=\"producto\"><select class=\"wpcf7-form-control wpcf7-select wpcf7-validates-as-required\" aria-required=\"true\" aria-invalid=\"false\" name=\"producto\"><option value=\"\">F\u00fcr welches Produkt interessieren Sie sich?<\/option><option value=\"Gerader Treppenlift\">Gerader Treppenlift<\/option><option value=\"Kurventreppenlift\">Kurventreppenlift<\/option><option value=\"Plattformlift\">Plattformlift<\/option><option value=\"Aufzug\">Aufzug<\/option><\/select><\/span><br \/>\n<span class=\"wpcf7-form-control-wrap\" data-name=\"your-message\"><textarea cols=\"40\" rows=\"10\" maxlength=\"2000\" class=\"wpcf7-form-control wpcf7-textarea\" aria-invalid=\"false\" placeholder=\"Nachricht\" name=\"your-message\"><\/textarea><\/span>\n<\/p>\n<p style=\"font-size:12px;\">Die gesendete Mitteilung wird in eine Datei aufgenommen, f\u00fcr die TU HOGAR ACCESIBLE verantwortlich ist. Diese Kommunikation wird ausschlie\u00dflich zur Verarbeitung Ihrer Daten zur Bearbeitung der Anfrage verwendet, stets in \u00dcbereinstimmung mit der Verordnung (EU) 2016\/679 (DSGVO), dem spanischen Organgesetz 15\/1999 (LOPD) und dem K\u00f6niglichen Dekret 1720\/2007 zur Durchf\u00fchrung des LOPD \u00fcber den Datenschutz. Ihre Daten werden nicht an Dritte weitergegeben, au\u00dfer bei gesetzlicher Verpflichtung, und werden so lange gespeichert, bis Sie deren L\u00f6schung beantragen. Sie k\u00f6nnen jederzeit Ihre Rechte auf Auskunft, Berichtigung, \u00dcbertragbarkeit und Widerspruch oder gegebenenfalls auf Einschr\u00e4nkung und\/oder L\u00f6schung der Verarbeitung aus\u00fcben, indem Sie dies an info@tuhogaraccesible.com mitteilen.\n<\/p>\n<p><span class=\"wpcf7-form-control-wrap\" data-name=\"privacy\"><span class=\"wpcf7-form-control wpcf7-acceptance\"><span class=\"wpcf7-list-item\"><label><input type=\"checkbox\" name=\"privacy\" value=\"1\" aria-invalid=\"false\" \/><span class=\"wpcf7-list-item-label\">Ich habe die <a class=\"form-for\" href=\"\/politica-de-privacidad\/\" target=\"_blank\">Datenschutzerkl\u00e4rung<\/a> gelesen und akzeptiere sie.<\/span><\/label><\/span><\/span><\/span><br \/>\n<input class=\"wpcf7-form-control wpcf7-submit has-spinner\" type=\"submit\" value=\"Absenden\" \/>\n<\/p><div class=\"wpcf7-response-output\" aria-hidden=\"true\"><\/div>\n<\/form>\n<\/div>\n<\/div>\t\t\t\t<\/div>\n\t\t\t\t<\/div>\n\t\t\t\t<div class=\"elementor-element elementor-element-ae08af6 elementor-icon-list--layout-inline elementor-list-item-link-full_width elementor-widget elementor-widget-icon-list\" data-id=\"ae08af6\" data-element_type=\"widget\" data-widget_type=\"icon-list.default\">\n\t\t\t\t<div class=\"elementor-widget-container\">\n\t\t\t\t\t\t\t<ul class=\"elementor-icon-list-items elementor-inline-items\">\n\t\t\t\t\t\t\t<li class=\"elementor-icon-list-item elementor-inline-item\">\n\t\t\t\t\t\t\t\t\t\t\t<a href=\"tel:+34871904511\">\n\n\t\t\t\t\t\t\t\t\t\t\t\t<span class=\"elementor-icon-list-icon\">\n\t\t\t\t\t\t\t<svg aria-hidden=\"true\" class=\"e-font-icon-svg e-fas-phone-volume\" viewBox=\"0 0 384 512\" xmlns=\"http:\/\/www.w3.org\/2000\/svg\"><path d=\"M97.333 506.966c-129.874-129.874-129.681-340.252 0-469.933 5.698-5.698 14.527-6.632 21.263-2.422l64.817 40.513a17.187 17.187 0 0 1 6.849 20.958l-32.408 81.021a17.188 17.188 0 0 1-17.669 10.719l-55.81-5.58c-21.051 58.261-20.612 122.471 0 179.515l55.811-5.581a17.188 17.188 0 0 1 17.669 10.719l32.408 81.022a17.188 17.188 0 0 1-6.849 20.958l-64.817 40.513a17.19 17.19 0 0 1-21.264-2.422zM247.126 95.473c11.832 20.047 11.832 45.008 0 65.055-3.95 6.693-13.108 7.959-18.718 2.581l-5.975-5.726c-3.911-3.748-4.793-9.622-2.261-14.41a32.063 32.063 0 0 0 0-29.945c-2.533-4.788-1.65-10.662 2.261-14.41l5.975-5.726c5.61-5.378 14.768-4.112 18.718 2.581zm91.787-91.187c60.14 71.604 60.092 175.882 0 247.428-4.474 5.327-12.53 5.746-17.552.933l-5.798-5.557c-4.56-4.371-4.977-11.529-.93-16.379 49.687-59.538 49.646-145.933 0-205.422-4.047-4.85-3.631-12.008.93-16.379l5.798-5.557c5.022-4.813 13.078-4.394 17.552.933zm-45.972 44.941c36.05 46.322 36.108 111.149 0 157.546-4.39 5.641-12.697 6.251-17.856 1.304l-5.818-5.579c-4.4-4.219-4.998-11.095-1.285-15.931 26.536-34.564 26.534-82.572 0-117.134-3.713-4.836-3.115-11.711 1.285-15.931l5.818-5.579c5.159-4.947 13.466-4.337 17.856 1.304z\"><\/path><\/svg>\t\t\t\t\t\t<\/span>\n\t\t\t\t\t\t\t\t\t\t<span class=\"elementor-icon-list-text\"><b>+34 871 904 511<\/b><\/span>\n\t\t\t\t\t\t\t\t\t\t\t<\/a>\n\t\t\t\t\t\t\t\t\t<\/li>\n\t\t\t\t\t\t\t\t<li class=\"elementor-icon-list-item elementor-inline-item\">\n\t\t\t\t\t\t\t\t\t\t\t<a href=\"mailto:info@tuhogaraccesible.com%20\">\n\n\t\t\t\t\t\t\t\t\t\t\t\t<span class=\"elementor-icon-list-icon\">\n\t\t\t\t\t\t\t<svg aria-hidden=\"true\" class=\"e-font-icon-svg e-fas-envelope\" viewBox=\"0 0 512 512\" xmlns=\"http:\/\/www.w3.org\/2000\/svg\"><path d=\"M502.3 190.8c3.9-3.1 9.7-.2 9.7 4.7V400c0 26.5-21.5 48-48 48H48c-26.5 0-48-21.5-48-48V195.6c0-5 5.7-7.8 9.7-4.7 22.4 17.4 52.1 39.5 154.1 113.6 21.1 15.4 56.7 47.8 92.2 47.6 35.7.3 72-32.8 92.3-47.6 102-74.1 131.6-96.3 154-113.7zM256 320c23.2.4 56.6-29.2 73.4-41.4 132.7-96.3 142.8-104.7 173.4-128.7 5.8-4.5 9.2-11.5 9.2-18.9v-19c0-26.5-21.5-48-48-48H48C21.5 64 0 85.5 0 112v19c0 7.4 3.4 14.3 9.2 18.9 30.6 23.9 40.7 32.4 173.4 128.7 16.8 12.2 50.2 41.8 73.4 41.4z\"><\/path><\/svg>\t\t\t\t\t\t<\/span>\n\t\t\t\t\t\t\t\t\t\t<span class=\"elementor-icon-list-text\">info@tuhogaraccesible.com <\/span>\n\t\t\t\t\t\t\t\t\t\t\t<\/a>\n\t\t\t\t\t\t\t\t\t<\/li>\n\t\t\t\t\t\t<\/ul>\n\t\t\t\t\t\t<\/div>\n\t\t\t\t<\/div>\n\t\t\t\t<\/div>\n\t\t\t\t<\/div>\n\t\t<div class=\"elementor-element elementor-element-d1530f2 e-con-full e-flex e-con e-parent\" data-id=\"d1530f2\" data-element_type=\"container\" data-settings=\"{&quot;jet_parallax_layout_list&quot;:[]}\">\n\t\t\t\t<div class=\"elementor-element elementor-element-3a10dfb elementor-widget elementor-widget-google_maps\" data-id=\"3a10dfb\" data-element_type=\"widget\" data-widget_type=\"google_maps.default\">\n\t\t\t\t<div class=\"elementor-widget-container\">\n\t\t\t\t\t\t\t<div class=\"elementor-custom-embed\">\n\t\t\t<iframe loading=\"lazy\"\n\t\t\t\t\tsrc=\"https:\/\/maps.google.com\/maps?q=Tu%20Hogar%20Accesible&#038;t=m&#038;z=10&#038;output=embed&#038;iwloc=near\"\n\t\t\t\t\ttitle=\"Tu Hogar Accesible\"\n\t\t\t\t\taria-label=\"Tu Hogar Accesible\"\n\t\t\t><\/iframe>\n\t\t<\/div>\n\t\t\t\t\t\t<\/div>\n\t\t\t\t<\/div>\n\t\t\t\t<\/div>\n\t\t\t\t<\/div>\n\t\t","protected":false},"excerpt":{"rendered":"<p>Kontakt Informationen anfordern Wenn Sie Fragen zu unseren Dienstleistungen oder Produkten haben, ein Angebot anfordern m\u00f6chten oder ein Anliegen kl\u00e4ren [&hellip;]<\/p>\n","protected":false},"author":1,"featured_media":2897,"parent":0,"menu_order":0,"comment_status":"closed","ping_status":"closed","template":"","meta":{"site-sidebar-layout":"no-sidebar","site-content-layout":"","ast-site-content-layout":"full-width-container","site-content-style":"default","site-sidebar-style":"default","ast-global-header-display":"","ast-banner-title-visibility":"","ast-main-header-display":"","ast-hfb-above-header-display":"","ast-hfb-below-header-display":"","ast-hfb-mobile-header-display":"","site-post-title":"disabled","ast-breadcrumbs-content":"","ast-featured-img":"disabled","footer-sml-layout":"","ast-disable-related-posts":"","theme-transparent-header-meta":"","adv-header-id-meta":"","stick-header-meta":"","header-above-stick-meta":"","header-main-stick-meta":"","header-below-stick-meta":"","astra-migrate-meta-layouts":"set","ast-page-background-enabled":"default","ast-page-background-meta":{"desktop":{"background-color":"var(--ast-global-color-4)","background-image":"","background-repeat":"repeat","background-position":"center center","background-size":"auto","background-attachment":"scroll","background-type":"","background-media":"","overlay-type":"","overlay-color":"","overlay-opacity":"","overlay-gradient":""},"tablet":{"background-color":"","background-image":"","background-repeat":"repeat","background-position":"center center","background-size":"auto","background-attachment":"scroll","background-type":"","background-media":"","overlay-type":"","overlay-color":"","overlay-opacity":"","overlay-gradient":""},"mobile":{"background-color":"","background-image":"","background-repeat":"repeat","background-position":"center center","background-size":"auto","background-attachment":"scroll","background-type":"","background-media":"","overlay-type":"","overlay-color":"","overlay-opacity":"","overlay-gradient":""}},"ast-content-background-meta":{"desktop":{"background-color":"var(--ast-global-color-5)","background-image":"","background-repeat":"repeat","background-position":"center center","background-size":"auto","background-attachment":"scroll","background-type":"","background-media":"","overlay-type":"","overlay-color":"","overlay-opacity":"","overlay-gradient":""},"tablet":{"background-color":"var(--ast-global-color-5)","background-image":"","background-repeat":"repeat","background-position":"center center","background-size":"auto","background-attachment":"scroll","background-type":"","background-media":"","overlay-type":"","overlay-color":"","overlay-opacity":"","overlay-gradient":""},"mobile":{"background-color":"var(--ast-global-color-5)","background-image":"","background-repeat":"repeat","background-position":"center center","background-size":"auto","background-attachment":"scroll","background-type":"","background-media":"","overlay-type":"","overlay-color":"","overlay-opacity":"","overlay-gradient":""}},"_joinchat":[],"footnotes":""},"class_list":["post-2896","page","type-page","status-publish","has-post-thumbnail","hentry"],"yoast_head":"<!-- This site is optimized with the Yoast SEO plugin v26.8 - https:\/\/yoast.com\/product\/yoast-seo-wordpress\/ -->\n<title>Kontakt - Tu Hogar Accesible<\/title>\n<meta name=\"description\" content=\"Wenn Sie Fragen zu unseren Dienstleistungen oder Produkten haben oder ein Angebot anfordern m\u00f6chten, setzen Sie sich bitte mit uns in Verbindung.\" \/>\n<meta name=\"robots\" content=\"index, follow, max-snippet:-1, max-image-preview:large, max-video-preview:-1\" \/>\n<link rel=\"canonical\" href=\"https:\/\/tuhogaraccesible.com\/de\/kontakt\/\" \/>\n<meta property=\"og:locale\" content=\"de_DE\" \/>\n<meta property=\"og:type\" content=\"article\" \/>\n<meta property=\"og:title\" content=\"Kontakt - Tu Hogar Accesible\" \/>\n<meta property=\"og:description\" content=\"Wenn Sie Fragen zu unseren Dienstleistungen oder Produkten haben oder ein Angebot anfordern m\u00f6chten, setzen Sie sich bitte mit uns in Verbindung.\" \/>\n<meta property=\"og:url\" content=\"https:\/\/tuhogaraccesible.com\/de\/kontakt\/\" \/>\n<meta property=\"og:site_name\" content=\"Tu Hogar Accesible\" \/>\n<meta property=\"article:publisher\" content=\"https:\/\/www.facebook.com\/tuhogaraccesible\" \/>\n<meta property=\"article:modified_time\" content=\"2026-04-20T09:02:38+00:00\" \/>\n<meta property=\"og:image\" content=\"https:\/\/tuhogaraccesible.com\/wp-content\/uploads\/2024\/01\/contacto-fondo.jpg\" \/>\n\t<meta property=\"og:image:width\" content=\"920\" \/>\n\t<meta property=\"og:image:height\" content=\"790\" \/>\n\t<meta property=\"og:image:type\" content=\"image\/jpeg\" \/>\n<meta name=\"twitter:card\" content=\"summary_large_image\" \/>\n<meta name=\"twitter:label1\" content=\"Gesch\u00e4tzte Lesezeit\" \/>\n\t<meta name=\"twitter:data1\" content=\"1\u00a0Minute\" \/>\n<script type=\"application\/ld+json\" class=\"yoast-schema-graph\">{\"@context\":\"https:\/\/schema.org\",\"@graph\":[{\"@type\":\"WebPage\",\"@id\":\"https:\/\/tuhogaraccesible.com\/de\/kontakt\/\",\"url\":\"https:\/\/tuhogaraccesible.com\/de\/kontakt\/\",\"name\":\"Kontakt - Tu Hogar Accesible\",\"isPartOf\":{\"@id\":\"https:\/\/tuhogaraccesible.com\/de\/#website\"},\"primaryImageOfPage\":{\"@id\":\"https:\/\/tuhogaraccesible.com\/de\/kontakt\/#primaryimage\"},\"image\":{\"@id\":\"https:\/\/tuhogaraccesible.com\/de\/kontakt\/#primaryimage\"},\"thumbnailUrl\":\"https:\/\/tuhogaraccesible.com\/wp-content\/uploads\/2024\/01\/contacto-fondo.jpg\",\"datePublished\":\"2024-01-12T12:45:25+00:00\",\"dateModified\":\"2026-04-20T09:02:38+00:00\",\"description\":\"Wenn Sie Fragen zu unseren Dienstleistungen oder Produkten haben oder ein Angebot anfordern m\u00f6chten, setzen Sie sich bitte mit uns in Verbindung.\",\"breadcrumb\":{\"@id\":\"https:\/\/tuhogaraccesible.com\/de\/kontakt\/#breadcrumb\"},\"inLanguage\":\"de\",\"potentialAction\":[{\"@type\":\"ReadAction\",\"target\":[\"https:\/\/tuhogaraccesible.com\/de\/kontakt\/\"]}]},{\"@type\":\"ImageObject\",\"inLanguage\":\"de\",\"@id\":\"https:\/\/tuhogaraccesible.com\/de\/kontakt\/#primaryimage\",\"url\":\"https:\/\/tuhogaraccesible.com\/wp-content\/uploads\/2024\/01\/contacto-fondo.jpg\",\"contentUrl\":\"https:\/\/tuhogaraccesible.com\/wp-content\/uploads\/2024\/01\/contacto-fondo.jpg\",\"width\":920,\"height\":790},{\"@type\":\"BreadcrumbList\",\"@id\":\"https:\/\/tuhogaraccesible.com\/de\/kontakt\/#breadcrumb\",\"itemListElement\":[{\"@type\":\"ListItem\",\"position\":1,\"name\":\"Portada\",\"item\":\"https:\/\/tuhogaraccesible.com\/de\/\"},{\"@type\":\"ListItem\",\"position\":2,\"name\":\"Kontakt\"}]},{\"@type\":\"WebSite\",\"@id\":\"https:\/\/tuhogaraccesible.com\/de\/#website\",\"url\":\"https:\/\/tuhogaraccesible.com\/de\/\",\"name\":\"Tu Hogar Accesible\",\"description\":\"\",\"publisher\":{\"@id\":\"https:\/\/tuhogaraccesible.com\/de\/#organization\"},\"potentialAction\":[{\"@type\":\"SearchAction\",\"target\":{\"@type\":\"EntryPoint\",\"urlTemplate\":\"https:\/\/tuhogaraccesible.com\/de\/?s={search_term_string}\"},\"query-input\":{\"@type\":\"PropertyValueSpecification\",\"valueRequired\":true,\"valueName\":\"search_term_string\"}}],\"inLanguage\":\"de\"},{\"@type\":\"Organization\",\"@id\":\"https:\/\/tuhogaraccesible.com\/de\/#organization\",\"name\":\"Tu Hogar Accesible\",\"url\":\"https:\/\/tuhogaraccesible.com\/de\/\",\"logo\":{\"@type\":\"ImageObject\",\"inLanguage\":\"de\",\"@id\":\"https:\/\/tuhogaraccesible.com\/de\/#\/schema\/logo\/image\/\",\"url\":\"https:\/\/tuhogaraccesible.com\/wp-content\/uploads\/2024\/01\/Tu-Hogar-Accesible-Logotipo-color.png\",\"contentUrl\":\"https:\/\/tuhogaraccesible.com\/wp-content\/uploads\/2024\/01\/Tu-Hogar-Accesible-Logotipo-color.png\",\"width\":425,\"height\":126,\"caption\":\"Tu Hogar Accesible\"},\"image\":{\"@id\":\"https:\/\/tuhogaraccesible.com\/de\/#\/schema\/logo\/image\/\"},\"sameAs\":[\"https:\/\/www.facebook.com\/tuhogaraccesible\",\"https:\/\/www.instagram.com\/tuhogaraccesible\/\"]}]}<\/script>\n<!-- \/ Yoast SEO plugin. -->","yoast_head_json":{"title":"Kontakt - Tu Hogar Accesible","description":"Wenn Sie Fragen zu unseren Dienstleistungen oder Produkten haben oder ein Angebot anfordern m\u00f6chten, setzen Sie sich bitte mit uns in Verbindung.","robots":{"index":"index","follow":"follow","max-snippet":"max-snippet:-1","max-image-preview":"max-image-preview:large","max-video-preview":"max-video-preview:-1"},"canonical":"https:\/\/tuhogaraccesible.com\/de\/kontakt\/","og_locale":"de_DE","og_type":"article","og_title":"Kontakt - Tu Hogar Accesible","og_description":"Wenn Sie Fragen zu unseren Dienstleistungen oder Produkten haben oder ein Angebot anfordern m\u00f6chten, setzen Sie sich bitte mit uns in Verbindung.","og_url":"https:\/\/tuhogaraccesible.com\/de\/kontakt\/","og_site_name":"Tu Hogar Accesible","article_publisher":"https:\/\/www.facebook.com\/tuhogaraccesible","article_modified_time":"2026-04-20T09:02:38+00:00","og_image":[{"width":920,"height":790,"url":"https:\/\/tuhogaraccesible.com\/wp-content\/uploads\/2024\/01\/contacto-fondo.jpg","type":"image\/jpeg"}],"twitter_card":"summary_large_image","twitter_misc":{"Gesch\u00e4tzte Lesezeit":"1\u00a0Minute"},"schema":{"@context":"https:\/\/schema.org","@graph":[{"@type":"WebPage","@id":"https:\/\/tuhogaraccesible.com\/de\/kontakt\/","url":"https:\/\/tuhogaraccesible.com\/de\/kontakt\/","name":"Kontakt - Tu Hogar Accesible","isPartOf":{"@id":"https:\/\/tuhogaraccesible.com\/de\/#website"},"primaryImageOfPage":{"@id":"https:\/\/tuhogaraccesible.com\/de\/kontakt\/#primaryimage"},"image":{"@id":"https:\/\/tuhogaraccesible.com\/de\/kontakt\/#primaryimage"},"thumbnailUrl":"https:\/\/tuhogaraccesible.com\/wp-content\/uploads\/2024\/01\/contacto-fondo.jpg","datePublished":"2024-01-12T12:45:25+00:00","dateModified":"2026-04-20T09:02:38+00:00","description":"Wenn Sie Fragen zu unseren Dienstleistungen oder Produkten haben oder ein Angebot anfordern m\u00f6chten, setzen Sie sich bitte mit uns in Verbindung.","breadcrumb":{"@id":"https:\/\/tuhogaraccesible.com\/de\/kontakt\/#breadcrumb"},"inLanguage":"de","potentialAction":[{"@type":"ReadAction","target":["https:\/\/tuhogaraccesible.com\/de\/kontakt\/"]}]},{"@type":"ImageObject","inLanguage":"de","@id":"https:\/\/tuhogaraccesible.com\/de\/kontakt\/#primaryimage","url":"https:\/\/tuhogaraccesible.com\/wp-content\/uploads\/2024\/01\/contacto-fondo.jpg","contentUrl":"https:\/\/tuhogaraccesible.com\/wp-content\/uploads\/2024\/01\/contacto-fondo.jpg","width":920,"height":790},{"@type":"BreadcrumbList","@id":"https:\/\/tuhogaraccesible.com\/de\/kontakt\/#breadcrumb","itemListElement":[{"@type":"ListItem","position":1,"name":"Portada","item":"https:\/\/tuhogaraccesible.com\/de\/"},{"@type":"ListItem","position":2,"name":"Kontakt"}]},{"@type":"WebSite","@id":"https:\/\/tuhogaraccesible.com\/de\/#website","url":"https:\/\/tuhogaraccesible.com\/de\/","name":"Tu Hogar Accesible","description":"","publisher":{"@id":"https:\/\/tuhogaraccesible.com\/de\/#organization"},"potentialAction":[{"@type":"SearchAction","target":{"@type":"EntryPoint","urlTemplate":"https:\/\/tuhogaraccesible.com\/de\/?s={search_term_string}"},"query-input":{"@type":"PropertyValueSpecification","valueRequired":true,"valueName":"search_term_string"}}],"inLanguage":"de"},{"@type":"Organization","@id":"https:\/\/tuhogaraccesible.com\/de\/#organization","name":"Tu Hogar Accesible","url":"https:\/\/tuhogaraccesible.com\/de\/","logo":{"@type":"ImageObject","inLanguage":"de","@id":"https:\/\/tuhogaraccesible.com\/de\/#\/schema\/logo\/image\/","url":"https:\/\/tuhogaraccesible.com\/wp-content\/uploads\/2024\/01\/Tu-Hogar-Accesible-Logotipo-color.png","contentUrl":"https:\/\/tuhogaraccesible.com\/wp-content\/uploads\/2024\/01\/Tu-Hogar-Accesible-Logotipo-color.png","width":425,"height":126,"caption":"Tu Hogar Accesible"},"image":{"@id":"https:\/\/tuhogaraccesible.com\/de\/#\/schema\/logo\/image\/"},"sameAs":["https:\/\/www.facebook.com\/tuhogaraccesible","https:\/\/www.instagram.com\/tuhogaraccesible\/"]}]}},"_links":{"self":[{"href":"https:\/\/tuhogaraccesible.com\/de\/wp-json\/wp\/v2\/pages\/2896","targetHints":{"allow":["GET"]}}],"collection":[{"href":"https:\/\/tuhogaraccesible.com\/de\/wp-json\/wp\/v2\/pages"}],"about":[{"href":"https:\/\/tuhogaraccesible.com\/de\/wp-json\/wp\/v2\/types\/page"}],"author":[{"embeddable":true,"href":"https:\/\/tuhogaraccesible.com\/de\/wp-json\/wp\/v2\/users\/1"}],"replies":[{"embeddable":true,"href":"https:\/\/tuhogaraccesible.com\/de\/wp-json\/wp\/v2\/comments?post=2896"}],"version-history":[{"count":7,"href":"https:\/\/tuhogaraccesible.com\/de\/wp-json\/wp\/v2\/pages\/2896\/revisions"}],"predecessor-version":[{"id":2906,"href":"https:\/\/tuhogaraccesible.com\/de\/wp-json\/wp\/v2\/pages\/2896\/revisions\/2906"}],"wp:featuredmedia":[{"embeddable":true,"href":"https:\/\/tuhogaraccesible.com\/de\/wp-json\/wp\/v2\/media\/2897"}],"wp:attachment":[{"href":"https:\/\/tuhogaraccesible.com\/de\/wp-json\/wp\/v2\/media?parent=2896"}],"curies":[{"name":"wp","href":"https:\/\/api.w.org\/{rel}","templated":true}]}}